{"id":1566,"date":"2025-02-01T23:16:39","date_gmt":"2025-02-01T23:16:39","guid":{"rendered":"https:\/\/eyupsultanmoschee-fechenheim.de\/?page_id=1566"},"modified":"2025-02-01T23:18:36","modified_gmt":"2025-02-01T23:18:36","slug":"events","status":"publish","type":"page","link":"https:\/\/eyupsultanmoschee-fechenheim.de\/tr\/events\/","title":{"rendered":"Etkinlikler"},"content":{"rendered":"<div data-elementor-type=\"wp-page\" data-elementor-id=\"1566\" class=\"elementor elementor-1566\" data-elementor-post-type=\"page\">\n\t\t\t\t<div class=\"elementor-element elementor-element-6cc4423 e-flex e-con-boxed e-con e-parent\" data-id=\"6cc4423\" data-element_type=\"container\" data-e-type=\"container\" data-settings=\"{&quot;background_background&quot;:&quot;classic&quot;}\">\n\t\t\t\t\t<div class=\"e-con-inner\">\n\t\t<div class=\"elementor-element elementor-element-c4c552a e-con-full e-flex e-con e-child\" data-id=\"c4c552a\" data-element_type=\"container\" data-e-type=\"container\">\n\t\t\t\t<div class=\"elementor-element elementor-element-920e2c7 elementor-vertical-align-top elementor-widget elementor-widget-image-box\" data-id=\"920e2c7\" data-element_type=\"widget\" data-e-type=\"widget\" data-widget_type=\"image-box.default\">\n\t\t\t\t<div class=\"elementor-widget-container\">\n\t\t\t\t\t<div class=\"elementor-image-box-wrapper\"><div class=\"elementor-image-box-content\"><h1 class=\"elementor-image-box-title\">Etkinliklerimiz<\/h1><p class=\"elementor-image-box-description\">Camimizde her y\u0131l b\u00fcy\u00fck ve hareketli etkinlikler ger\u00e7ekle\u015fiyor. \u0130slami dersler ve okul gezilerinden Almanya'n\u0131n d\u00f6rt bir yan\u0131ndan gelen bakanlar\u0131n ziyaretlerine kadar. <\/p><\/div><\/div>\t\t\t\t<\/div>\n\t\t\t\t<\/div>\n\t\t\t\t<\/div>\n\t\t\t\t\t<\/div>\n\t\t\t\t<\/div>\n\t\t<div class=\"elementor-element elementor-element-573ada8 e-flex e-con-boxed e-con e-parent\" data-id=\"573ada8\" data-element_type=\"container\" data-e-type=\"container\" data-settings=\"{&quot;background_background&quot;:&quot;gradient&quot;}\">\n\t\t\t\t\t<div class=\"e-con-inner\">\n\t\t<div class=\"elementor-element elementor-element-cc6da57 e-con-full e-flex e-con e-child\" data-id=\"cc6da57\" data-element_type=\"container\" data-e-type=\"container\" data-settings=\"{&quot;background_background&quot;:&quot;classic&quot;}\">\n\t\t\t\t<div class=\"elementor-element elementor-element-370bab6 elementor-widget elementor-widget-heading\" data-id=\"370bab6\" data-element_type=\"widget\" data-e-type=\"widget\" data-widget_type=\"heading.default\">\n\t\t\t\t<div class=\"elementor-widget-container\">\n\t\t\t\t\t<h2 class=\"elementor-heading-title elementor-size-default\">Korona'ya ra\u011fmen ortak dua\n<\/h2>\t\t\t\t<\/div>\n\t\t\t\t<\/div>\n\t\t\t\t<div class=\"elementor-element elementor-element-b483ee9 elementor-widget elementor-widget-text-editor\" data-id=\"b483ee9\" data-element_type=\"widget\" data-e-type=\"widget\" data-widget_type=\"text-editor.default\">\n\t\t\t\t<div class=\"elementor-widget-container\">\n\t\t\t\t\t\t\t\t\t<p>Korona d\u00f6neminde herkes i\u00e7in normal g\u00fcnl\u00fck ya\u015famlar\u0131na devam etmek \u00f6zellikle zordu. FSV Frankfurt y\u00f6netiminin yard\u0131m\u0131 sayesinde Cuma namazlar\u0131m\u0131z\u0131 futbol tak\u0131m\u0131n\u0131n sahas\u0131nda k\u0131labildik!<\/p>\t\t\t\t\t\t\t\t<\/div>\n\t\t\t\t<\/div>\n\t\t\t\t<\/div>\n\t\t<div class=\"elementor-element elementor-element-3d4c511 e-con-full e-flex e-con e-child\" data-id=\"3d4c511\" data-element_type=\"container\" data-e-type=\"container\">\n\t\t\t\t<div class=\"elementor-element elementor-element-e2f04e7 elementor-widget elementor-widget-video\" data-id=\"e2f04e7\" data-element_type=\"widget\" data-e-type=\"widget\" data-settings=\"{&quot;video_type&quot;:&quot;hosted&quot;,&quot;controls&quot;:&quot;yes&quot;}\" data-widget_type=\"video.default\">\n\t\t\t\t<div class=\"elementor-widget-container\">\n\t\t\t\t\t\t\t<div class=\"e-hosted-video elementor-wrapper elementor-open-inline\">\n\t\t\t\t\t<video class=\"elementor-video\" src=\"https:\/\/eyupsultanmoschee-fechenheim.de\/wp-content\/uploads\/2025\/02\/Corona-Gebet-FSV-Frankfurt-1.mp4\" controls=\"\" preload=\"metadata\" controlslist=\"nodownload\"><\/video>\n\t\t\t\t<\/div>\n\t\t\t\t\t\t<\/div>\n\t\t\t\t<\/div>\n\t\t\t\t<\/div>\n\t\t\t\t\t<\/div>\n\t\t\t\t<\/div>\n\t\t<div class=\"elementor-element elementor-element-467fac5 e-flex e-con-boxed e-con e-parent\" data-id=\"467fac5\" data-element_type=\"container\" data-e-type=\"container\" data-settings=\"{&quot;background_background&quot;:&quot;gradient&quot;}\">\n\t\t\t\t\t<div class=\"e-con-inner\">\n\t\t<div class=\"elementor-element elementor-element-a19ccab e-con-full e-flex e-con e-child\" data-id=\"a19ccab\" data-element_type=\"container\" data-e-type=\"container\" data-settings=\"{&quot;background_background&quot;:&quot;classic&quot;}\">\n\t\t\t\t<div class=\"elementor-element elementor-element-710aafe elementor-widget elementor-widget-heading\" data-id=\"710aafe\" data-element_type=\"widget\" data-e-type=\"widget\" data-widget_type=\"heading.default\">\n\t\t\t\t<div class=\"elementor-widget-container\">\n\t\t\t\t\t<h2 class=\"elementor-heading-title elementor-size-default\">Entegrasyon projesi<\/h2>\t\t\t\t<\/div>\n\t\t\t\t<\/div>\n\t\t\t\t<div class=\"elementor-element elementor-element-9d06984 elementor-widget elementor-widget-text-editor\" data-id=\"9d06984\" data-element_type=\"widget\" data-e-type=\"widget\" data-widget_type=\"text-editor.default\">\n\t\t\t\t<div class=\"elementor-widget-container\">\n\t\t\t\t\t\t\t\t\t<p>Bakanl\u0131k ve \u00e7e\u015fitli kurulu\u015flar\u0131n ba\u015fkanlar\u0131yla birlikte s\u00fcrekli olarak entegrasyon projeleri \u00fczerinde \u00e7al\u0131\u015f\u0131yoruz.<\/p>\t\t\t\t\t\t\t\t<\/div>\n\t\t\t\t<\/div>\n\t\t\t\t<\/div>\n\t\t<div class=\"elementor-element elementor-element-9a20856 e-con-full e-flex e-con e-child\" data-id=\"9a20856\" data-element_type=\"container\" data-e-type=\"container\">\n\t\t\t\t<div class=\"elementor-element elementor-element-82c513c elementor-widget elementor-widget-image\" data-id=\"82c513c\" data-element_type=\"widget\" data-e-type=\"widget\" data-widget_type=\"image.default\">\n\t\t\t\t<div class=\"elementor-widget-container\">\n\t\t\t\t\t\t\t\t\t\t\t\t\t\t\t<img decoding=\"async\" src=\"https:\/\/eyupsultanmoschee-fechenheim.de\/wp-content\/uploads\/elementor\/thumbs\/Projekt-Integration-r0vxreyg9tuhislrouzt976mp82oo7tt19l9ra5jnk.jpeg\" title=\"Entegrasyon projesi\" alt=\"Projekt Integration\" loading=\"lazy\" \/>\t\t\t\t\t\t\t\t\t\t\t\t\t\t\t<\/div>\n\t\t\t\t<\/div>\n\t\t\t\t<\/div>\n\t\t\t\t\t<\/div>\n\t\t\t\t<\/div>\n\t\t<div class=\"elementor-element elementor-element-8daf5fe e-flex e-con-boxed e-con e-parent\" data-id=\"8daf5fe\" data-element_type=\"container\" data-e-type=\"container\" data-settings=\"{&quot;background_background&quot;:&quot;gradient&quot;}\">\n\t\t\t\t\t<div class=\"e-con-inner\">\n\t\t<div class=\"elementor-element elementor-element-9e156fa e-con-full e-flex e-con e-child\" data-id=\"9e156fa\" data-element_type=\"container\" data-e-type=\"container\" data-settings=\"{&quot;background_background&quot;:&quot;classic&quot;}\">\n\t\t\t\t<div class=\"elementor-element elementor-element-8184412 elementor-widget elementor-widget-heading\" data-id=\"8184412\" data-element_type=\"widget\" data-e-type=\"widget\" data-widget_type=\"heading.default\">\n\t\t\t\t<div class=\"elementor-widget-container\">\n\t\t\t\t\t<h2 class=\"elementor-heading-title elementor-size-default\">Arkada\u015flar ve yolda\u015flar\n<\/h2>\t\t\t\t<\/div>\n\t\t\t\t<\/div>\n\t\t\t\t<div class=\"elementor-element elementor-element-bec68f4 elementor-widget elementor-widget-text-editor\" data-id=\"bec68f4\" data-element_type=\"widget\" data-e-type=\"widget\" data-widget_type=\"text-editor.default\">\n\t\t\t\t<div class=\"elementor-widget-container\">\n\t\t\t\t\t\t\t\t\t<p>Suriyeli toplulu\u011fun ba\u015fkan\u0131 gibi tan\u0131d\u0131klar ve arkada\u015flar ediniyoruz.<\/p>\t\t\t\t\t\t\t\t<\/div>\n\t\t\t\t<\/div>\n\t\t\t\t<\/div>\n\t\t<div class=\"elementor-element elementor-element-606cecb e-con-full e-flex e-con e-child\" data-id=\"606cecb\" data-element_type=\"container\" data-e-type=\"container\">\n\t\t\t\t<div class=\"elementor-element elementor-element-ca1c2e2 elementor-widget elementor-widget-image\" data-id=\"ca1c2e2\" data-element_type=\"widget\" data-e-type=\"widget\" data-widget_type=\"image.default\">\n\t\t\t\t<div class=\"elementor-widget-container\">\n\t\t\t\t\t\t\t\t\t\t\t\t\t\t\t<img decoding=\"async\" src=\"https:\/\/eyupsultanmoschee-fechenheim.de\/wp-content\/uploads\/elementor\/thumbs\/Frankfurt-Syriane-Cemaati-Baskan-Edruad-Oezcan-r0vxumkmub10nuwa1u8ctu3oosx78z75kwrtbtwupo.jpeg\" title=\"Frankfurt Syriane Cemaati Baskan Edruad \u00d6zcan\" alt=\"Frankfurt Syriane Cemaati Baskan Edruad \u00d6zcan\" loading=\"lazy\" \/>\t\t\t\t\t\t\t\t\t\t\t\t\t\t\t<\/div>\n\t\t\t\t<\/div>\n\t\t\t\t<\/div>\n\t\t\t\t\t<\/div>\n\t\t\t\t<\/div>\n\t\t<div class=\"elementor-element elementor-element-ad46352 e-flex e-con-boxed e-con e-parent\" data-id=\"ad46352\" data-element_type=\"container\" data-e-type=\"container\" data-settings=\"{&quot;background_background&quot;:&quot;gradient&quot;}\">\n\t\t\t\t\t<div class=\"e-con-inner\">\n\t\t<div class=\"elementor-element elementor-element-df490f2 e-con-full e-flex e-con e-child\" data-id=\"df490f2\" data-element_type=\"container\" data-e-type=\"container\" data-settings=\"{&quot;background_background&quot;:&quot;classic&quot;}\">\n\t\t\t\t<div class=\"elementor-element elementor-element-79df321 elementor-widget elementor-widget-heading\" data-id=\"79df321\" data-element_type=\"widget\" data-e-type=\"widget\" data-widget_type=\"heading.default\">\n\t\t\t\t<div class=\"elementor-widget-container\">\n\t\t\t\t\t<h2 class=\"elementor-heading-title elementor-size-default\">Sa\u011fl\u0131k Vakf\u0131<\/h2>\t\t\t\t<\/div>\n\t\t\t\t<\/div>\n\t\t\t\t<div class=\"elementor-element elementor-element-4863abd elementor-widget elementor-widget-text-editor\" data-id=\"4863abd\" data-element_type=\"widget\" data-e-type=\"widget\" data-widget_type=\"text-editor.default\">\n\t\t\t\t<div class=\"elementor-widget-container\">\n\t\t\t\t\t\t\t\t\t<p>B\u00fcy\u00fck bir projede, Sa\u011fl\u0131k Vakf\u0131'n\u0131 destekliyor ve g\u00f6\u00e7menlerin belirli sa\u011fl\u0131k sorunlar\u0131n\u0131 analiz etmek ve sonu\u00e7lar\u0131n do\u011frudan hasta bak\u0131m\u0131na dahil edilmesini sa\u011flamak i\u00e7in \u00e7\u00f6z\u00fcmler buluyoruz.<\/p>\t\t\t\t\t\t\t\t<\/div>\n\t\t\t\t<\/div>\n\t\t\t\t<\/div>\n\t\t<div class=\"elementor-element elementor-element-587c8b2 e-con-full e-flex e-con e-child\" data-id=\"587c8b2\" data-element_type=\"container\" data-e-type=\"container\">\n\t\t\t\t<div class=\"elementor-element elementor-element-3fabe3c elementor-widget elementor-widget-image\" data-id=\"3fabe3c\" data-element_type=\"widget\" data-e-type=\"widget\" data-widget_type=\"image.default\">\n\t\t\t\t<div class=\"elementor-widget-container\">\n\t\t\t\t\t\t\t\t\t\t\t\t\t\t\t<img decoding=\"async\" src=\"https:\/\/eyupsultanmoschee-fechenheim.de\/wp-content\/uploads\/elementor\/thumbs\/Giessen-Gesundheitsstiftung-Projekt-Tuerkisch_Deutsch-r0vxyuugdm17fnsn8kshhtl001ealydb23inj54ce8.jpeg\" title=\"Gie\u00dfen Gesundheitsstiftung Projekt T\u00fcrkisch_Deutsch\" alt=\"Gie\u00dfen Gesundheitsstiftung Projekt T\u00fcrkisch_Deutsch\" loading=\"lazy\" \/>\t\t\t\t\t\t\t\t\t\t\t\t\t\t\t<\/div>\n\t\t\t\t<\/div>\n\t\t\t\t<\/div>\n\t\t\t\t\t<\/div>\n\t\t\t\t<\/div>\n\t\t<div class=\"elementor-element elementor-element-a1128da e-flex e-con-boxed e-con e-parent\" data-id=\"a1128da\" data-element_type=\"container\" data-e-type=\"container\" data-settings=\"{&quot;background_background&quot;:&quot;gradient&quot;}\">\n\t\t\t\t\t<div class=\"e-con-inner\">\n\t\t<div class=\"elementor-element elementor-element-8a90b84 e-con-full e-flex e-con e-child\" data-id=\"8a90b84\" data-element_type=\"container\" data-e-type=\"container\" data-settings=\"{&quot;background_background&quot;:&quot;classic&quot;}\">\n\t\t\t\t<div class=\"elementor-element elementor-element-f35145b elementor-widget elementor-widget-heading\" data-id=\"f35145b\" data-element_type=\"widget\" data-e-type=\"widget\" data-widget_type=\"heading.default\">\n\t\t\t\t<div class=\"elementor-widget-container\">\n\t\t\t\t\t<h2 class=\"elementor-heading-title elementor-size-default\">Hessen Eyaletinde Sosyal \u0130\u015fler ve Entegrasyon<\/h2>\t\t\t\t<\/div>\n\t\t\t\t<\/div>\n\t\t\t\t<div class=\"elementor-element elementor-element-f0b6151 elementor-widget elementor-widget-text-editor\" data-id=\"f0b6151\" data-element_type=\"widget\" data-e-type=\"widget\" data-widget_type=\"text-editor.default\">\n\t\t\t\t<div class=\"elementor-widget-container\">\n\t\t\t\t\t\t\t\t\t<p>Kai Klose, cemaatle sosyal konular ve entegrasyon hakk\u0131nda konu\u015fmak \u00fczere camimizi ziyaret etti. Kat\u0131l\u0131mc\u0131lar a\u00e7\u0131k ve sayg\u0131l\u0131 bir atmosferde k\u00fclt\u00fcrleraras\u0131 diyalo\u011fun zorluklar\u0131 ve f\u0131rsatlar\u0131 hakk\u0131nda g\u00f6r\u00fc\u015f al\u0131\u015fveri\u015finde bulundular. Tart\u0131\u015fman\u0131n ard\u0131ndan, \u015fenlikli bir \u015fekilde haz\u0131rlanm\u0131\u015f bir masada birlikte oturdular ve geleneksel bir yeme\u011fin tad\u0131n\u0131 \u00e7\u0131kard\u0131lar. Bu payla\u015f\u0131m kar\u015f\u0131l\u0131kl\u0131 anlay\u0131\u015f\u0131 te\u015fvik etti ve topluluk duygusunu g\u00fc\u00e7lendirdi.<\/p>\t\t\t\t\t\t\t\t<\/div>\n\t\t\t\t<\/div>\n\t\t\t\t<\/div>\n\t\t<div class=\"elementor-element elementor-element-bef8b97 e-con-full e-flex e-con e-child\" data-id=\"bef8b97\" data-element_type=\"container\" data-e-type=\"container\">\n\t\t\t\t<div class=\"elementor-element elementor-element-7c08386 elementor-widget elementor-widget-image\" data-id=\"7c08386\" data-element_type=\"widget\" data-e-type=\"widget\" data-widget_type=\"image.default\">\n\t\t\t\t<div class=\"elementor-widget-container\">\n\t\t\t\t\t\t\t\t\t\t\t\t\t\t\t<img decoding=\"async\" src=\"https:\/\/eyupsultanmoschee-fechenheim.de\/wp-content\/uploads\/elementor\/thumbs\/Kai-Klose-Gruppenfoto-r0vy1u038kw5o8ffyyddy0mwn5ei9ft2kktts7870c.jpeg\" title=\"Kai Klose Gruppenfoto\" alt=\"Kai Klose Gruppenfoto\" loading=\"lazy\" \/>\t\t\t\t\t\t\t\t\t\t\t\t\t\t\t<\/div>\n\t\t\t\t<\/div>\n\t\t\t\t<\/div>\n\t\t\t\t\t<\/div>\n\t\t\t\t<\/div>\n\t\t<div class=\"elementor-element elementor-element-17f0a5b e-flex e-con-boxed e-con e-parent\" data-id=\"17f0a5b\" data-element_type=\"container\" data-e-type=\"container\" data-settings=\"{&quot;background_background&quot;:&quot;gradient&quot;}\">\n\t\t\t\t\t<div class=\"e-con-inner\">\n\t\t<div class=\"elementor-element elementor-element-fbcca40 e-con-full e-flex e-con e-child\" data-id=\"fbcca40\" data-element_type=\"container\" data-e-type=\"container\" data-settings=\"{&quot;background_background&quot;:&quot;classic&quot;}\">\n\t\t\t\t<div class=\"elementor-element elementor-element-8c9772c elementor-widget elementor-widget-heading\" data-id=\"8c9772c\" data-element_type=\"widget\" data-e-type=\"widget\" data-widget_type=\"heading.default\">\n\t\t\t\t<div class=\"elementor-widget-container\">\n\t\t\t\t\t<h2 class=\"elementor-heading-title elementor-size-default\">\u00c7ocuklar i\u00e7in<\/h2>\t\t\t\t<\/div>\n\t\t\t\t<\/div>\n\t\t\t\t<div class=\"elementor-element elementor-element-a53b19a elementor-widget elementor-widget-text-editor\" data-id=\"a53b19a\" data-element_type=\"widget\" data-e-type=\"widget\" data-widget_type=\"text-editor.default\">\n\t\t\t\t<div class=\"elementor-widget-container\">\n\t\t\t\t\t\t\t\t\t<p>Bir okul, k\u00fclt\u00fcrel ve dini gelenekler hakk\u0131nda daha fazla bilgi edinmek i\u00e7in camimize bir gezi d\u00fczenledi. \u00d6\u011frenciler, ibadet s\u00fcreci ve caminin \u00f6nemi hakk\u0131nda daha fazla bilgi edindikleri \u00e7e\u015fitli etkinliklere kat\u0131ld\u0131lar. \u0130slam k\u00fclt\u00fcr\u00fcn\u00fcn tarihini yak\u0131ndan tan\u0131ma f\u0131rsat\u0131 buldular. G\u00fcn, \u00f6\u011frencilerin \u0130slam mutfa\u011f\u0131n\u0131n tipik yemeklerini tatt\u0131klar\u0131 ve b\u00f6ylece k\u00fclt\u00fcrel \u00e7e\u015fitlilik konusunda daha derin bir anlay\u0131\u015f geli\u015ftirdikleri bir yemekle sona erdi.<\/p>\t\t\t\t\t\t\t\t<\/div>\n\t\t\t\t<\/div>\n\t\t\t\t<\/div>\n\t\t<div class=\"elementor-element elementor-element-f9374ba e-con-full e-flex e-con e-child\" data-id=\"f9374ba\" data-element_type=\"container\" data-e-type=\"container\">\n\t\t\t\t<div class=\"elementor-element elementor-element-25261af elementor-widget elementor-widget-image\" data-id=\"25261af\" data-element_type=\"widget\" data-e-type=\"widget\" data-widget_type=\"image.default\">\n\t\t\t\t<div class=\"elementor-widget-container\">\n\t\t\t\t\t\t\t\t\t\t\t\t\t\t\t<img decoding=\"async\" src=\"https:\/\/eyupsultanmoschee-fechenheim.de\/wp-content\/uploads\/elementor\/thumbs\/Schulausflug-r0vy61c2l1v24fd6b6iw1icrd008epvhpmx6i8h2v4.jpeg\" title=\"Schulausflug\" alt=\"Schulausflug\" loading=\"lazy\" \/>\t\t\t\t\t\t\t\t\t\t\t\t\t\t\t<\/div>\n\t\t\t\t<\/div>\n\t\t\t\t<\/div>\n\t\t\t\t\t<\/div>\n\t\t\t\t<\/div>\n\t\t<div class=\"elementor-element elementor-element-64d560a e-flex e-con-boxed e-con e-parent\" data-id=\"64d560a\" data-element_type=\"container\" data-e-type=\"container\" data-settings=\"{&quot;background_background&quot;:&quot;gradient&quot;}\">\n\t\t\t\t\t<div class=\"e-con-inner\">\n\t\t<div class=\"elementor-element elementor-element-db9ce33 e-con-full e-flex e-con e-child\" data-id=\"db9ce33\" data-element_type=\"container\" data-e-type=\"container\" data-settings=\"{&quot;background_background&quot;:&quot;classic&quot;}\">\n\t\t\t\t<div class=\"elementor-element elementor-element-4d8e9fe elementor-widget elementor-widget-heading\" data-id=\"4d8e9fe\" data-element_type=\"widget\" data-e-type=\"widget\" data-widget_type=\"heading.default\">\n\t\t\t\t<div class=\"elementor-widget-container\">\n\t\t\t\t\t<h2 class=\"elementor-heading-title elementor-size-default\">T\u00fcrkiye i\u00e7in Yard\u0131m<\/h2>\t\t\t\t<\/div>\n\t\t\t\t<\/div>\n\t\t\t\t<div class=\"elementor-element elementor-element-526c238 elementor-widget elementor-widget-text-editor\" data-id=\"526c238\" data-element_type=\"widget\" data-e-type=\"widget\" data-widget_type=\"text-editor.default\">\n\t\t\t\t<div class=\"elementor-widget-container\">\n\t\t\t\t\t\t\t\t\t<p>Camimizde, T\u00fcrkiye'deki y\u0131k\u0131c\u0131 depremin ma\u011fdurlar\u0131 ve aileleri i\u00e7in birka\u00e7 kamyon dolusu ba\u011f\u0131\u015f toplamak i\u00e7in \u00e7ok \u00e7al\u0131\u015ft\u0131k. Cemaat \u00fcyeleriyle birlikte giysi, battaniye, yiyecek, su ve t\u0131bbi malzemeleri paketledik. Ba\u011f\u0131\u015flar\u0131n tasnif edilmesinden kamyonlara g\u00fcvenli bir \u015fekilde y\u00fcklenmesine kadar herkes elinden geldi\u011fince yard\u0131m etti. Cemaatin bu zor zamanda destek sunmak ve etkilenen insanlara umut ve yard\u0131m g\u00f6t\u00fcrmek i\u00e7in nas\u0131l bir araya geldi\u011fini g\u00f6rmek etkileyiciydi.<\/p>\t\t\t\t\t\t\t\t<\/div>\n\t\t\t\t<\/div>\n\t\t\t\t<\/div>\n\t\t<div class=\"elementor-element elementor-element-2383027 e-con-full e-flex e-con e-child\" data-id=\"2383027\" data-element_type=\"container\" data-e-type=\"container\">\n\t\t\t\t<div class=\"elementor-element elementor-element-e4dd9f2 elementor-widget elementor-widget-image\" data-id=\"e4dd9f2\" data-element_type=\"widget\" data-e-type=\"widget\" data-widget_type=\"image.default\">\n\t\t\t\t<div class=\"elementor-widget-container\">\n\t\t\t\t\t\t\t\t\t\t\t\t\t\t\t<img decoding=\"async\" src=\"https:\/\/eyupsultanmoschee-fechenheim.de\/wp-content\/uploads\/elementor\/thumbs\/Tuerkei-Hilfe-8-r0vy8r3bjod54wdmkg1isrs229arx89xutphyiyv7g.jpeg\" title=\"T\u00fcrkei Hilfe 8\" alt=\"T\u00fcrkei Hilfe 8\" loading=\"lazy\" \/>\t\t\t\t\t\t\t\t\t\t\t\t\t\t\t<\/div>\n\t\t\t\t<\/div>\n\t\t\t\t<\/div>\n\t\t\t\t\t<\/div>\n\t\t\t\t<\/div>\n\t\t\t\t<\/div>","protected":false},"excerpt":{"rendered":"<p>Unsere Events In unserer Moschee finden jedes Jahr tolle und ereignisreiche Events statt. Vom Islamunterricht, \u00fcber Schulausfl\u00fcge bis hin zum Besuch von Ministern aus ganz Deutschland. Gemeinsames Gebet trotz Corona In der Coronazeit war es besonders f\u00fcr jeden Menschen ein Hindernis, seinem normalen Alltag nachzugehen. Dank der Mithilfe des FSV Frankfurt Vorstandes, konnten wir auf [&hellip;]<\/p>\n","protected":false},"author":1,"featured_media":0,"parent":0,"menu_order":0,"comment_status":"closed","ping_status":"closed","template":"","meta":{"site-sidebar-layout":"no-sidebar","site-content-layout":"page-builder","ast-site-content-layout":"default","site-content-style":"default","site-sidebar-style":"default","ast-global-header-display":"","ast-banner-title-visibility":"","ast-main-header-display":"","ast-hfb-above-header-display":"","ast-hfb-below-header-display":"","ast-hfb-mobile-header-display":"","site-post-title":"disabled","ast-breadcrumbs-content":"","ast-featured-img":"disabled","footer-sml-layout":"","ast-disable-related-posts":"","theme-transparent-header-meta":"enabled","adv-header-id-meta":"","stick-header-meta":"","header-above-stick-meta":"","header-main-stick-meta":"","header-below-stick-meta":"","astra-migrate-meta-layouts":"default","ast-page-background-enabled":"default","ast-page-background-meta":{"desktop":{"background-color":"","background-image":"","background-repeat":"repeat","background-position":"center center","background-size":"auto","background-attachment":"scroll","background-type":"","background-media":"","overlay-type":"","overlay-color":"","overlay-opacity":"","overlay-gradient":""},"tablet":{"background-color":"","background-image":"","background-repeat":"repeat","background-position":"center center","background-size":"auto","background-attachment":"scroll","background-type":"","background-media":"","overlay-type":"","overlay-color":"","overlay-opacity":"","overlay-gradient":""},"mobile":{"background-color":"","background-image":"","background-repeat":"repeat","background-position":"center center","background-size":"auto","background-attachment":"scroll","background-type":"","background-media":"","overlay-type":"","overlay-color":"","overlay-opacity":"","overlay-gradient":""}},"ast-content-background-meta":{"desktop":{"background-color":"var(--ast-global-color-5)","background-image":"","background-repeat":"repeat","background-position":"center center","background-size":"auto","background-attachment":"scroll","background-type":"","background-media":"","overlay-type":"","overlay-color":"","overlay-opacity":"","overlay-gradient":""},"tablet":{"background-color":"var(--ast-global-color-5)","background-image":"","background-repeat":"repeat","background-position":"center center","background-size":"auto","background-attachment":"scroll","background-type":"","background-media":"","overlay-type":"","overlay-color":"","overlay-opacity":"","overlay-gradient":""},"mobile":{"background-color":"var(--ast-global-color-5)","background-image":"","background-repeat":"repeat","background-position":"center center","background-size":"auto","background-attachment":"scroll","background-type":"","background-media":"","overlay-type":"","overlay-color":"","overlay-opacity":"","overlay-gradient":""}},"footnotes":""},"class_list":["post-1566","page","type-page","status-publish","hentry"],"_links":{"self":[{"href":"https:\/\/eyupsultanmoschee-fechenheim.de\/tr\/wp-json\/wp\/v2\/pages\/1566","targetHints":{"allow":["GET"]}}],"collection":[{"href":"https:\/\/eyupsultanmoschee-fechenheim.de\/tr\/wp-json\/wp\/v2\/pages"}],"about":[{"href":"https:\/\/eyupsultanmoschee-fechenheim.de\/tr\/wp-json\/wp\/v2\/types\/page"}],"author":[{"embeddable":true,"href":"https:\/\/eyupsultanmoschee-fechenheim.de\/tr\/wp-json\/wp\/v2\/users\/1"}],"replies":[{"embeddable":true,"href":"https:\/\/eyupsultanmoschee-fechenheim.de\/tr\/wp-json\/wp\/v2\/comments?post=1566"}],"version-history":[{"count":4,"href":"https:\/\/eyupsultanmoschee-fechenheim.de\/tr\/wp-json\/wp\/v2\/pages\/1566\/revisions"}],"predecessor-version":[{"id":1578,"href":"https:\/\/eyupsultanmoschee-fechenheim.de\/tr\/wp-json\/wp\/v2\/pages\/1566\/revisions\/1578"}],"wp:attachment":[{"href":"https:\/\/eyupsultanmoschee-fechenheim.de\/tr\/wp-json\/wp\/v2\/media?parent=1566"}],"curies":[{"name":"wp","href":"https:\/\/api.w.org\/{rel}","templated":true}]}}