{"id":246,"date":"2025-01-29T13:31:45","date_gmt":"2025-01-29T13:31:45","guid":{"rendered":"https:\/\/eyupsultanmoschee-fechenheim.de\/services\/"},"modified":"2025-06-27T13:30:23","modified_gmt":"2025-06-27T13:30:23","slug":"gebetszeiten","status":"publish","type":"page","link":"https:\/\/eyupsultanmoschee-fechenheim.de\/tr\/gebetszeiten\/","title":{"rendered":"Namaz vakitleri"},"content":{"rendered":"<div data-elementor-type=\"wp-page\" data-elementor-id=\"246\" class=\"elementor elementor-246\" data-elementor-post-type=\"page\">\n\t\t\t\t<div class=\"elementor-element elementor-element-c47c28b e-con-full e-flex e-con e-parent\" data-id=\"c47c28b\" data-element_type=\"container\" data-e-type=\"container\">\n\t\t\t\t<div class=\"elementor-element elementor-element-11dbc07 elementor-widget elementor-widget-html\" data-id=\"11dbc07\" data-element_type=\"widget\" data-e-type=\"widget\" data-widget_type=\"html.default\">\n\t\t\t\t<div class=\"elementor-widget-container\">\n\t\t\t\t\t<!DOCTYPE html>\r\n<html lang=\"de\">\r\n<head>\r\n    <meta charset=\"UTF-8\">\r\n    <meta name=\"viewport\" content=\"width=device-width, initial-scale=1.0\">\r\n    <title>Gebetszeiten<\/title>\r\n    <style>\r\n        \/* Standard-Styling f\u00fcr Laptop *\/\r\n        iframe {\r\n            border: 0px #ffffff none;\r\n            frameborder: 0;\r\n            marginheight: 0px;\r\n            marginwidth: 0px;\r\n            allowfullscreen: true;\r\n            width: 600px;\r\n            height: 1200px;\r\n        }\r\n\r\n        \/* F\u00fcr Handy (bis 768px Bildschirmbreite) *\/\r\n        @media (max-width: 768px) {\r\n            iframe {\r\n                width: 100%;  \/* Volle Breite *\/\r\n                height: 1700px; \/* Gr\u00f6\u00dfere H\u00f6he f\u00fcr Handy *\/\r\n            }\r\n        }\r\n    <\/style>\r\n<\/head>\r\n<body>\r\n\r\n    <iframe src=\"https:\/\/gebetszeiten.top-it-solutions.de\/\" name=\"Ey\u00fcp Sultan Moschee\" scrolling=\"no\"><\/iframe>\r\n\r\n<\/body>\r\n<\/html>\t\t\t\t<\/div>\n\t\t\t\t<\/div>\n\t\t\t\t<\/div>\n\t\t\t\t<\/div>","protected":false},"excerpt":{"rendered":"<p>Namaz vakitleri<\/p>","protected":false},"author":1,"featured_media":0,"parent":0,"menu_order":0,"comment_status":"closed","ping_status":"closed","template":"","meta":{"site-sidebar-layout":"no-sidebar","site-content-layout":"page-builder","ast-site-content-layout":"full-width-container","site-content-style":"unboxed","site-sidebar-style":"unboxed","ast-global-header-display":"disabled","ast-banner-title-visibility":"","ast-main-header-display":"disabled","ast-hfb-above-header-display":"","ast-hfb-below-header-display":"","ast-hfb-mobile-header-display":"disabled","site-post-title":"disabled","ast-breadcrumbs-content":"","ast-featured-img":"disabled","footer-sml-layout":"disabled","ast-disable-related-posts":"","theme-transparent-header-meta":"enabled","adv-header-id-meta":"","stick-header-meta":"","header-above-stick-meta":"","header-main-stick-meta":"","header-below-stick-meta":"","astra-migrate-meta-layouts":"set","ast-page-background-enabled":"default","ast-page-background-meta":{"desktop":{"background-color":"","background-image":"","background-repeat":"repeat","background-position":"center center","background-size":"auto","background-attachment":"scroll","background-type":"","background-media":"","overlay-type":"","overlay-color":"","overlay-opacity":"","overlay-gradient":""},"tablet":{"background-color":"","background-image":"","background-repeat":"repeat","background-position":"center center","background-size":"auto","background-attachment":"scroll","background-type":"","background-media":"","overlay-type":"","overlay-color":"","overlay-opacity":"","overlay-gradient":""},"mobile":{"background-color":"","background-image":"","background-repeat":"repeat","background-position":"center center","background-size":"auto","background-attachment":"scroll","background-type":"","background-media":"","overlay-type":"","overlay-color":"","overlay-opacity":"","overlay-gradient":""}},"ast-content-background-meta":{"desktop":{"background-color":"var(--ast-global-color-5)","background-image":"","background-repeat":"repeat","background-position":"center center","background-size":"auto","background-attachment":"scroll","background-type":"","background-media":"","overlay-type":"","overlay-color":"","overlay-opacity":"","overlay-gradient":""},"tablet":{"background-color":"var(--ast-global-color-5)","background-image":"","background-repeat":"repeat","background-position":"center center","background-size":"auto","background-attachment":"scroll","background-type":"","background-media":"","overlay-type":"","overlay-color":"","overlay-opacity":"","overlay-gradient":""},"mobile":{"background-color":"var(--ast-global-color-5)","background-image":"","background-repeat":"repeat","background-position":"center center","background-size":"auto","background-attachment":"scroll","background-type":"","background-media":"","overlay-type":"","overlay-color":"","overlay-opacity":"","overlay-gradient":""}},"footnotes":""},"class_list":["post-246","page","type-page","status-publish","hentry"],"_links":{"self":[{"href":"https:\/\/eyupsultanmoschee-fechenheim.de\/tr\/wp-json\/wp\/v2\/pages\/246","targetHints":{"allow":["GET"]}}],"collection":[{"href":"https:\/\/eyupsultanmoschee-fechenheim.de\/tr\/wp-json\/wp\/v2\/pages"}],"about":[{"href":"https:\/\/eyupsultanmoschee-fechenheim.de\/tr\/wp-json\/wp\/v2\/types\/page"}],"author":[{"embeddable":true,"href":"https:\/\/eyupsultanmoschee-fechenheim.de\/tr\/wp-json\/wp\/v2\/users\/1"}],"replies":[{"embeddable":true,"href":"https:\/\/eyupsultanmoschee-fechenheim.de\/tr\/wp-json\/wp\/v2\/comments?post=246"}],"version-history":[{"count":47,"href":"https:\/\/eyupsultanmoschee-fechenheim.de\/tr\/wp-json\/wp\/v2\/pages\/246\/revisions"}],"predecessor-version":[{"id":1668,"href":"https:\/\/eyupsultanmoschee-fechenheim.de\/tr\/wp-json\/wp\/v2\/pages\/246\/revisions\/1668"}],"wp:attachment":[{"href":"https:\/\/eyupsultanmoschee-fechenheim.de\/tr\/wp-json\/wp\/v2\/media?parent=246"}],"curies":[{"name":"wp","href":"https:\/\/api.w.org\/{rel}","templated":true}]}}